{"id":1847,"date":"2025-04-02T13:50:49","date_gmt":"2025-04-02T11:50:49","guid":{"rendered":"https:\/\/roebersdorf.de\/?page_id=1847"},"modified":"2025-05-26T12:02:16","modified_gmt":"2025-05-26T10:02:16","slug":"zapfendorf-1","status":"publish","type":"page","link":"https:\/\/roebersdorf.de\/?page_id=1847","title":{"rendered":"Zapfendorf 1"},"content":{"rendered":"\n<ul class=\"wp-block-list\">\n<li>2 Schlafzimmer<\/li>\n\n\n\n<li>1 Badezimmer<\/li>\n\n\n\n<li>f\u00fcr bis zu 5 Personen<\/li>\n\n\n\n<li>Parkplatz direkt am Haus<\/li>\n\n\n\n<li>Wohnzimmer inklusive Fernseher<\/li>\n\n\n\n<li>Vollausgestattete K\u00fcche inklusive K\u00fchlschrank, Herd, Sp\u00fclmaschine<\/li>\n<\/ul>\n\n\n\n<div class=\"wp-block-buttons is-content-justification-center is-layout-flex wp-container-core-buttons-is-layout-1 wp-block-buttons-is-layout-flex\">\n<div class=\"wp-block-button\"><a class=\"wp-block-button__link has-luminous-vivid-amber-background-color has-background wp-element-button\" href=\"#zapfendorf1buchen\" style=\"border-radius:0px\">Hier buchen<\/a><\/div>\n<\/div>\n\n\n\n<hr class=\"wp-block-separator has-alpha-channel-opacity\"\/>\n\n\n\n<figure class=\"wp-block-gallery has-nested-images columns-2 is-cropped wp-block-gallery-1 is-layout-flex wp-block-gallery-is-layout-flex\">\n<figure class=\"wp-block-image size-large\"><a href=\"https:\/\/roebersdorf.de\/wp-content\/uploads\/2025\/03\/PHOTO-2024-07-01-20-19-22.jpg\"><img fetchpriority=\"high\" decoding=\"async\" width=\"1024\" height=\"577\" data-id=\"1699\" src=\"https:\/\/roebersdorf.de\/wp-content\/uploads\/2025\/03\/PHOTO-2024-07-01-20-19-22-1024x577.jpg\" alt=\"\" class=\"wp-image-1699\" srcset=\"https:\/\/roebersdorf.de\/wp-content\/uploads\/2025\/03\/PHOTO-2024-07-01-20-19-22-1024x577.jpg 1024w, https:\/\/roebersdorf.de\/wp-content\/uploads\/2025\/03\/PHOTO-2024-07-01-20-19-22-300x169.jpg 300w, https:\/\/roebersdorf.de\/wp-content\/uploads\/2025\/03\/PHOTO-2024-07-01-20-19-22-768x432.jpg 768w, https:\/\/roebersdorf.de\/wp-content\/uploads\/2025\/03\/PHOTO-2024-07-01-20-19-22-1536x865.jpg 1536w, https:\/\/roebersdorf.de\/wp-content\/uploads\/2025\/03\/PHOTO-2024-07-01-20-19-22.jpg 2000w\" sizes=\"(max-width: 1024px) 100vw, 1024px\" \/><\/a><\/figure>\n\n\n\n<figure class=\"wp-block-image size-large\"><a href=\"https:\/\/roebersdorf.de\/wp-content\/uploads\/2025\/03\/PHOTO-2024-07-01-20-19-18-2.jpg\"><img decoding=\"async\" width=\"1024\" height=\"577\" data-id=\"1698\" src=\"https:\/\/roebersdorf.de\/wp-content\/uploads\/2025\/03\/PHOTO-2024-07-01-20-19-18-2-1024x577.jpg\" alt=\"\" class=\"wp-image-1698\" srcset=\"https:\/\/roebersdorf.de\/wp-content\/uploads\/2025\/03\/PHOTO-2024-07-01-20-19-18-2-1024x577.jpg 1024w, https:\/\/roebersdorf.de\/wp-content\/uploads\/2025\/03\/PHOTO-2024-07-01-20-19-18-2-300x169.jpg 300w, https:\/\/roebersdorf.de\/wp-content\/uploads\/2025\/03\/PHOTO-2024-07-01-20-19-18-2-768x432.jpg 768w, https:\/\/roebersdorf.de\/wp-content\/uploads\/2025\/03\/PHOTO-2024-07-01-20-19-18-2-1536x865.jpg 1536w, https:\/\/roebersdorf.de\/wp-content\/uploads\/2025\/03\/PHOTO-2024-07-01-20-19-18-2.jpg 2000w\" sizes=\"(max-width: 1024px) 100vw, 1024px\" \/><\/a><\/figure>\n\n\n\n<figure class=\"wp-block-image size-large\"><a href=\"https:\/\/roebersdorf.de\/wp-content\/uploads\/2025\/03\/PHOTO-2024-07-01-20-19-20-2.jpg\"><img decoding=\"async\" width=\"1024\" height=\"577\" data-id=\"1695\" src=\"https:\/\/roebersdorf.de\/wp-content\/uploads\/2025\/03\/PHOTO-2024-07-01-20-19-20-2-1024x577.jpg\" alt=\"\" class=\"wp-image-1695\" srcset=\"https:\/\/roebersdorf.de\/wp-content\/uploads\/2025\/03\/PHOTO-2024-07-01-20-19-20-2-1024x577.jpg 1024w, https:\/\/roebersdorf.de\/wp-content\/uploads\/2025\/03\/PHOTO-2024-07-01-20-19-20-2-300x169.jpg 300w, https:\/\/roebersdorf.de\/wp-content\/uploads\/2025\/03\/PHOTO-2024-07-01-20-19-20-2-768x432.jpg 768w, https:\/\/roebersdorf.de\/wp-content\/uploads\/2025\/03\/PHOTO-2024-07-01-20-19-20-2-1536x865.jpg 1536w, https:\/\/roebersdorf.de\/wp-content\/uploads\/2025\/03\/PHOTO-2024-07-01-20-19-20-2.jpg 2000w\" sizes=\"(max-width: 1024px) 100vw, 1024px\" \/><\/a><\/figure>\n<\/figure>\n\n\n\n<h2 class=\"wp-block-heading has-text-align-center\">Hier buchen<\/h2>\n\n\n\n<iframe src=\"https:\/\/widget.fewo.cloud\/v2.html?client=kulto&#038;widget_id=WIDGET_Zapfendorf1&#038;token=9HIT8myROrxd&#038;locale=de\" width=\"100%\" height=\"400px\" scrolling=\"no\" frameborder=\"0\"><\/iframe>\n\n\n\n<h4 class=\"wp-block-heading has-text-align-center\" id=\"zapfendorf1buchen\">Sie haben noch Fragen? Die Wohnung ist zum gew\u00fcnschten Zeitpunkt nicht frei?<\/h4>\n\n\n\n<p class=\"has-text-align-center\">Dann schreiben Sie uns eine <a href=\"apartments@kulto.de\">E-Mail<\/a> oder<br>senden Sie uns eine <a href=\"https:\/\/roebersdorf.de\/#BUCHUNGSANFRAGE\" data-type=\"link\" data-id=\"https:\/\/roebersdorf.de\/#BUCHUNGSANFRAGE\">Buchungsanfrage<\/a> und <br>wir helfen Ihnen beim finden der passenden Wohnung.<\/p>\n","protected":false},"excerpt":{"rendered":"<p>Hier buchen Sie haben noch Fragen? Die Wohnung ist zum gew\u00fcnschten Zeitpunkt nicht frei? Dann schreiben Sie uns eine E-Mail odersenden Sie uns eine Buchungsanfrage und wir helfen Ihnen beim finden der passenden Wohnung.<\/p>\n","protected":false},"author":6,"featured_media":0,"parent":0,"menu_order":0,"comment_status":"closed","ping_status":"closed","template":"","meta":{"footnotes":""},"class_list":["post-1847","page","type-page","status-publish","hentry"],"_links":{"self":[{"href":"https:\/\/roebersdorf.de\/index.php?rest_route=\/wp\/v2\/pages\/1847","targetHints":{"allow":["GET"]}}],"collection":[{"href":"https:\/\/roebersdorf.de\/index.php?rest_route=\/wp\/v2\/pages"}],"about":[{"href":"https:\/\/roebersdorf.de\/index.php?rest_route=\/wp\/v2\/types\/page"}],"author":[{"embeddable":true,"href":"https:\/\/roebersdorf.de\/index.php?rest_route=\/wp\/v2\/users\/6"}],"replies":[{"embeddable":true,"href":"https:\/\/roebersdorf.de\/index.php?rest_route=%2Fwp%2Fv2%2Fcomments&post=1847"}],"version-history":[{"count":4,"href":"https:\/\/roebersdorf.de\/index.php?rest_route=\/wp\/v2\/pages\/1847\/revisions"}],"predecessor-version":[{"id":2029,"href":"https:\/\/roebersdorf.de\/index.php?rest_route=\/wp\/v2\/pages\/1847\/revisions\/2029"}],"wp:attachment":[{"href":"https:\/\/roebersdorf.de\/index.php?rest_route=%2Fwp%2Fv2%2Fmedia&parent=1847"}],"curies":[{"name":"wp","href":"https:\/\/api.w.org\/{rel}","templated":true}]}}