{"id":1703,"date":"2025-03-31T11:17:22","date_gmt":"2025-03-31T09:17:22","guid":{"rendered":"https:\/\/roebersdorf.de\/?page_id=1703"},"modified":"2025-05-26T12:07:02","modified_gmt":"2025-05-26T10:07:02","slug":"kleinbuchfeld","status":"publish","type":"page","link":"https:\/\/roebersdorf.de\/?page_id=1703","title":{"rendered":"Kleinbuchfeld"},"content":{"rendered":"\n<ul class=\"wp-block-list\">\n<li>5 Schlafzimmer<\/li>\n\n\n\n<li>2 Badezimmer<\/li>\n\n\n\n<li>f\u00fcr bis zu 12 Personen<\/li>\n\n\n\n<li>Parkplatz direkt am Haus<\/li>\n\n\n\n<li>Wohnzimmer inklusive Fernseher<\/li>\n\n\n\n<li>Vollausgestattete K\u00fcche inklusive K\u00fchlschrank, Herd, Sp\u00fclmaschine<\/li>\n<\/ul>\n\n\n\n<div class=\"wp-block-buttons is-content-justification-center is-layout-flex wp-container-core-buttons-is-layout-1 wp-block-buttons-is-layout-flex\">\n<div class=\"wp-block-button\"><a class=\"wp-block-button__link has-luminous-vivid-amber-background-color has-background wp-element-button\" href=\"#kleinbuchfeldbuchen\" style=\"border-radius:1px\">Hier buchen<\/a><\/div>\n<\/div>\n\n\n\n<hr class=\"wp-block-separator has-alpha-channel-opacity\"\/>\n\n\n\n<figure class=\"wp-block-gallery has-nested-images columns-2 is-cropped wp-block-gallery-1 is-layout-flex wp-block-gallery-is-layout-flex\">\n<figure class=\"wp-block-image size-large\"><a href=\"https:\/\/roebersdorf.de\/wp-content\/uploads\/2025\/03\/Studio2.jpg\"><img fetchpriority=\"high\" decoding=\"async\" width=\"1024\" height=\"768\" data-id=\"1711\" src=\"https:\/\/roebersdorf.de\/wp-content\/uploads\/2025\/03\/Studio2-1024x768.jpg\" alt=\"\" class=\"wp-image-1711\" srcset=\"https:\/\/roebersdorf.de\/wp-content\/uploads\/2025\/03\/Studio2-1024x768.jpg 1024w, https:\/\/roebersdorf.de\/wp-content\/uploads\/2025\/03\/Studio2-300x225.jpg 300w, https:\/\/roebersdorf.de\/wp-content\/uploads\/2025\/03\/Studio2-768x576.jpg 768w, https:\/\/roebersdorf.de\/wp-content\/uploads\/2025\/03\/Studio2-1536x1152.jpg 1536w, https:\/\/roebersdorf.de\/wp-content\/uploads\/2025\/03\/Studio2.jpg 1600w\" sizes=\"(max-width: 1024px) 100vw, 1024px\" \/><\/a><\/figure>\n\n\n\n<figure class=\"wp-block-image size-large\"><a href=\"https:\/\/roebersdorf.de\/wp-content\/uploads\/2025\/03\/Aufgang.jpg\"><img decoding=\"async\" width=\"768\" height=\"1024\" data-id=\"1710\" src=\"https:\/\/roebersdorf.de\/wp-content\/uploads\/2025\/03\/Aufgang-768x1024.jpg\" alt=\"\" class=\"wp-image-1710\" srcset=\"https:\/\/roebersdorf.de\/wp-content\/uploads\/2025\/03\/Aufgang-768x1024.jpg 768w, https:\/\/roebersdorf.de\/wp-content\/uploads\/2025\/03\/Aufgang-225x300.jpg 225w, https:\/\/roebersdorf.de\/wp-content\/uploads\/2025\/03\/Aufgang-1152x1536.jpg 1152w, https:\/\/roebersdorf.de\/wp-content\/uploads\/2025\/03\/Aufgang.jpg 1200w\" sizes=\"(max-width: 768px) 100vw, 768px\" \/><\/a><\/figure>\n\n\n\n<figure class=\"wp-block-image size-large\"><a href=\"https:\/\/roebersdorf.de\/wp-content\/uploads\/2025\/03\/Kuche1-1.jpg\"><img decoding=\"async\" width=\"1024\" height=\"768\" data-id=\"1709\" src=\"https:\/\/roebersdorf.de\/wp-content\/uploads\/2025\/03\/Kuche1-1-1024x768.jpg\" alt=\"\" class=\"wp-image-1709\" srcset=\"https:\/\/roebersdorf.de\/wp-content\/uploads\/2025\/03\/Kuche1-1-1024x768.jpg 1024w, https:\/\/roebersdorf.de\/wp-content\/uploads\/2025\/03\/Kuche1-1-300x225.jpg 300w, https:\/\/roebersdorf.de\/wp-content\/uploads\/2025\/03\/Kuche1-1-768x576.jpg 768w, https:\/\/roebersdorf.de\/wp-content\/uploads\/2025\/03\/Kuche1-1-1536x1152.jpg 1536w, https:\/\/roebersdorf.de\/wp-content\/uploads\/2025\/03\/Kuche1-1.jpg 1600w\" sizes=\"(max-width: 1024px) 100vw, 1024px\" \/><\/a><\/figure>\n\n\n\n<figure class=\"wp-block-image size-large\"><a href=\"https:\/\/roebersdorf.de\/wp-content\/uploads\/2025\/03\/Kuche2.jpg\"><img loading=\"lazy\" decoding=\"async\" width=\"768\" height=\"1024\" data-id=\"1714\" src=\"https:\/\/roebersdorf.de\/wp-content\/uploads\/2025\/03\/Kuche2-768x1024.jpg\" alt=\"\" class=\"wp-image-1714\" srcset=\"https:\/\/roebersdorf.de\/wp-content\/uploads\/2025\/03\/Kuche2-768x1024.jpg 768w, https:\/\/roebersdorf.de\/wp-content\/uploads\/2025\/03\/Kuche2-225x300.jpg 225w, https:\/\/roebersdorf.de\/wp-content\/uploads\/2025\/03\/Kuche2-1152x1536.jpg 1152w, https:\/\/roebersdorf.de\/wp-content\/uploads\/2025\/03\/Kuche2.jpg 1500w\" sizes=\"(max-width: 768px) 100vw, 768px\" \/><\/a><\/figure>\n\n\n\n<figure class=\"wp-block-image size-large\"><a href=\"https:\/\/roebersdorf.de\/wp-content\/uploads\/2025\/03\/Kuche3.jpg\"><img loading=\"lazy\" decoding=\"async\" width=\"768\" height=\"1024\" data-id=\"1712\" src=\"https:\/\/roebersdorf.de\/wp-content\/uploads\/2025\/03\/Kuche3-768x1024.jpg\" alt=\"\" class=\"wp-image-1712\" srcset=\"https:\/\/roebersdorf.de\/wp-content\/uploads\/2025\/03\/Kuche3-768x1024.jpg 768w, https:\/\/roebersdorf.de\/wp-content\/uploads\/2025\/03\/Kuche3-225x300.jpg 225w, https:\/\/roebersdorf.de\/wp-content\/uploads\/2025\/03\/Kuche3-1152x1536.jpg 1152w, https:\/\/roebersdorf.de\/wp-content\/uploads\/2025\/03\/Kuche3.jpg 1200w\" sizes=\"(max-width: 768px) 100vw, 768px\" \/><\/a><\/figure>\n\n\n\n<figure class=\"wp-block-image size-large\"><a href=\"https:\/\/roebersdorf.de\/wp-content\/uploads\/2025\/03\/OG1.jpg\"><img loading=\"lazy\" decoding=\"async\" width=\"768\" height=\"1024\" data-id=\"1704\" src=\"https:\/\/roebersdorf.de\/wp-content\/uploads\/2025\/03\/OG1-768x1024.jpg\" alt=\"\" class=\"wp-image-1704\" srcset=\"https:\/\/roebersdorf.de\/wp-content\/uploads\/2025\/03\/OG1-768x1024.jpg 768w, https:\/\/roebersdorf.de\/wp-content\/uploads\/2025\/03\/OG1-225x300.jpg 225w, https:\/\/roebersdorf.de\/wp-content\/uploads\/2025\/03\/OG1-1152x1536.jpg 1152w, https:\/\/roebersdorf.de\/wp-content\/uploads\/2025\/03\/OG1.jpg 1200w\" sizes=\"(max-width: 768px) 100vw, 768px\" \/><\/a><\/figure>\n\n\n\n<figure class=\"wp-block-image size-large\"><a href=\"https:\/\/roebersdorf.de\/wp-content\/uploads\/2025\/03\/OG2.jpg\"><img loading=\"lazy\" decoding=\"async\" width=\"1024\" height=\"768\" data-id=\"1707\" src=\"https:\/\/roebersdorf.de\/wp-content\/uploads\/2025\/03\/OG2-1024x768.jpg\" alt=\"\" class=\"wp-image-1707\" srcset=\"https:\/\/roebersdorf.de\/wp-content\/uploads\/2025\/03\/OG2-1024x768.jpg 1024w, https:\/\/roebersdorf.de\/wp-content\/uploads\/2025\/03\/OG2-300x225.jpg 300w, https:\/\/roebersdorf.de\/wp-content\/uploads\/2025\/03\/OG2-768x576.jpg 768w, https:\/\/roebersdorf.de\/wp-content\/uploads\/2025\/03\/OG2-1536x1152.jpg 1536w, https:\/\/roebersdorf.de\/wp-content\/uploads\/2025\/03\/OG2.jpg 1600w\" sizes=\"(max-width: 1024px) 100vw, 1024px\" \/><\/a><\/figure>\n\n\n\n<figure class=\"wp-block-image size-large\"><a href=\"https:\/\/roebersdorf.de\/wp-content\/uploads\/2025\/03\/OG2a.jpg\"><img loading=\"lazy\" decoding=\"async\" width=\"1024\" height=\"768\" data-id=\"1708\" src=\"https:\/\/roebersdorf.de\/wp-content\/uploads\/2025\/03\/OG2a-1024x768.jpg\" alt=\"\" class=\"wp-image-1708\" srcset=\"https:\/\/roebersdorf.de\/wp-content\/uploads\/2025\/03\/OG2a-1024x768.jpg 1024w, https:\/\/roebersdorf.de\/wp-content\/uploads\/2025\/03\/OG2a-300x225.jpg 300w, https:\/\/roebersdorf.de\/wp-content\/uploads\/2025\/03\/OG2a-768x576.jpg 768w, https:\/\/roebersdorf.de\/wp-content\/uploads\/2025\/03\/OG2a-1536x1152.jpg 1536w, https:\/\/roebersdorf.de\/wp-content\/uploads\/2025\/03\/OG2a.jpg 1600w\" sizes=\"(max-width: 1024px) 100vw, 1024px\" \/><\/a><\/figure>\n\n\n\n<figure class=\"wp-block-image size-large\"><a href=\"https:\/\/roebersdorf.de\/wp-content\/uploads\/2025\/03\/OG2b.jpg\"><img loading=\"lazy\" decoding=\"async\" width=\"1024\" height=\"768\" data-id=\"1706\" src=\"https:\/\/roebersdorf.de\/wp-content\/uploads\/2025\/03\/OG2b-1024x768.jpg\" alt=\"\" class=\"wp-image-1706\" srcset=\"https:\/\/roebersdorf.de\/wp-content\/uploads\/2025\/03\/OG2b-1024x768.jpg 1024w, https:\/\/roebersdorf.de\/wp-content\/uploads\/2025\/03\/OG2b-300x225.jpg 300w, https:\/\/roebersdorf.de\/wp-content\/uploads\/2025\/03\/OG2b-768x576.jpg 768w, https:\/\/roebersdorf.de\/wp-content\/uploads\/2025\/03\/OG2b-1536x1152.jpg 1536w, https:\/\/roebersdorf.de\/wp-content\/uploads\/2025\/03\/OG2b.jpg 1600w\" sizes=\"(max-width: 1024px) 100vw, 1024px\" \/><\/a><\/figure>\n\n\n\n<figure class=\"wp-block-image size-large\"><a href=\"https:\/\/roebersdorf.de\/wp-content\/uploads\/2025\/03\/Studio.jpg\"><img loading=\"lazy\" decoding=\"async\" width=\"1024\" height=\"768\" data-id=\"1713\" src=\"https:\/\/roebersdorf.de\/wp-content\/uploads\/2025\/03\/Studio-1024x768.jpg\" alt=\"\" class=\"wp-image-1713\" srcset=\"https:\/\/roebersdorf.de\/wp-content\/uploads\/2025\/03\/Studio-1024x768.jpg 1024w, https:\/\/roebersdorf.de\/wp-content\/uploads\/2025\/03\/Studio-300x225.jpg 300w, https:\/\/roebersdorf.de\/wp-content\/uploads\/2025\/03\/Studio-768x576.jpg 768w, https:\/\/roebersdorf.de\/wp-content\/uploads\/2025\/03\/Studio-1536x1152.jpg 1536w, https:\/\/roebersdorf.de\/wp-content\/uploads\/2025\/03\/Studio.jpg 1600w\" sizes=\"(max-width: 1024px) 100vw, 1024px\" \/><\/a><\/figure>\n<\/figure>\n\n\n\n<h2 class=\"wp-block-heading has-text-align-center\">Hier buchen<\/h2>\n\n\n\n<iframe src=\"https:\/\/widget.fewo.cloud\/v2.html?client=kulto&#038;widget_id=WIDGET_Kleinbuchfeld&#038;token=YOSwuSwxElMM&#038;locale=de\" width=\"100%\" height=\"400px\" scrolling=\"no\" frameborder=\"0\"><\/iframe>\n\n\n\n<h4 class=\"wp-block-heading has-text-align-center\">Sie haben noch Fragen? Die Wohnung ist zum gew\u00fcnschten Zeitpunkt nicht frei?<\/h4>\n\n\n\n<p class=\"has-text-align-center\" id=\"kleinbuchfeldbuchen\">Dann schreiben Sie uns eine <a href=\"apartments@kulto.de\">E-Mail<\/a> oder<br>senden Sie uns eine <a href=\"https:\/\/roebersdorf.de\/#BUCHUNGSANFRAGE\" data-type=\"link\" data-id=\"https:\/\/roebersdorf.de\/#BUCHUNGSANFRAGE\">Buchungsanfrage<\/a> und <br>wir helfen Ihnen beim finden der passenden Wohnung.<\/p>\n\n\n\n<p><\/p>\n","protected":false},"excerpt":{"rendered":"<p>Hier buchen Sie haben noch Fragen? Die Wohnung ist zum gew\u00fcnschten Zeitpunkt nicht frei? Dann schreiben Sie uns eine E-Mail odersenden Sie uns eine Buchungsanfrage und wir helfen Ihnen beim finden der passenden Wohnung.<\/p>\n","protected":false},"author":6,"featured_media":0,"parent":0,"menu_order":0,"comment_status":"closed","ping_status":"closed","template":"","meta":{"footnotes":""},"class_list":["post-1703","page","type-page","status-publish","hentry"],"_links":{"self":[{"href":"https:\/\/roebersdorf.de\/index.php?rest_route=\/wp\/v2\/pages\/1703","targetHints":{"allow":["GET"]}}],"collection":[{"href":"https:\/\/roebersdorf.de\/index.php?rest_route=\/wp\/v2\/pages"}],"about":[{"href":"https:\/\/roebersdorf.de\/index.php?rest_route=\/wp\/v2\/types\/page"}],"author":[{"embeddable":true,"href":"https:\/\/roebersdorf.de\/index.php?rest_route=\/wp\/v2\/users\/6"}],"replies":[{"embeddable":true,"href":"https:\/\/roebersdorf.de\/index.php?rest_route=%2Fwp%2Fv2%2Fcomments&post=1703"}],"version-history":[{"count":11,"href":"https:\/\/roebersdorf.de\/index.php?rest_route=\/wp\/v2\/pages\/1703\/revisions"}],"predecessor-version":[{"id":2032,"href":"https:\/\/roebersdorf.de\/index.php?rest_route=\/wp\/v2\/pages\/1703\/revisions\/2032"}],"wp:attachment":[{"href":"https:\/\/roebersdorf.de\/index.php?rest_route=%2Fwp%2Fv2%2Fmedia&parent=1703"}],"curies":[{"name":"wp","href":"https:\/\/api.w.org\/{rel}","templated":true}]}}