{"id":1659,"date":"2025-03-25T14:42:24","date_gmt":"2025-03-25T13:42:24","guid":{"rendered":"https:\/\/roebersdorf.de\/?page_id=1659"},"modified":"2025-06-30T13:09:55","modified_gmt":"2025-06-30T11:09:55","slug":"jungenhofen-2","status":"publish","type":"page","link":"https:\/\/roebersdorf.de\/?page_id=1659","title":{"rendered":"Jungenhofen 2 &#8211; Seeblick"},"content":{"rendered":"\n<ul class=\"wp-block-list\">\n<li>3 Schlafzimmer<\/li>\n\n\n\n<li>1 Badezimmer<\/li>\n\n\n\n<li>f\u00fcr bis zu 6 Personen<\/li>\n\n\n\n<li>Parkplatz direkt am Haus<\/li>\n\n\n\n<li>Wohnbereich inklusive Fernseher<\/li>\n\n\n\n<li>Vollausgestattete K\u00fcche inklusive K\u00fchlschrank, Herd, Sp\u00fclmaschine<\/li>\n<\/ul>\n\n\n\n<div class=\"wp-block-buttons is-content-justification-center is-layout-flex wp-container-core-buttons-is-layout-1 wp-block-buttons-is-layout-flex\">\n<div class=\"wp-block-button\"><a class=\"wp-block-button__link has-luminous-vivid-amber-background-color has-background wp-element-button\" href=\"#jungenhofen2seeblickbuchen\" style=\"border-radius:0px\">Hier buchen<\/a><\/div>\n<\/div>\n\n\n\n<hr class=\"wp-block-separator has-alpha-channel-opacity\"\/>\n\n\n\n<figure class=\"wp-block-gallery has-nested-images columns-2 is-cropped wp-block-gallery-1 is-layout-flex wp-block-gallery-is-layout-flex\">\n<figure class=\"wp-block-image size-large\"><a href=\"https:\/\/roebersdorf.de\/wp-content\/uploads\/2025\/03\/Jungenhofen-Kuche-Dachschr-scaled.jpg\"><img fetchpriority=\"high\" decoding=\"async\" width=\"1024\" height=\"768\" data-id=\"1649\" src=\"https:\/\/roebersdorf.de\/wp-content\/uploads\/2025\/03\/Jungenhofen-Kuche-Dachschr-1024x768.jpg\" alt=\"\" class=\"wp-image-1649\" srcset=\"https:\/\/roebersdorf.de\/wp-content\/uploads\/2025\/03\/Jungenhofen-Kuche-Dachschr-1024x768.jpg 1024w, https:\/\/roebersdorf.de\/wp-content\/uploads\/2025\/03\/Jungenhofen-Kuche-Dachschr-300x225.jpg 300w, https:\/\/roebersdorf.de\/wp-content\/uploads\/2025\/03\/Jungenhofen-Kuche-Dachschr-768x576.jpg 768w, https:\/\/roebersdorf.de\/wp-content\/uploads\/2025\/03\/Jungenhofen-Kuche-Dachschr-1536x1152.jpg 1536w, https:\/\/roebersdorf.de\/wp-content\/uploads\/2025\/03\/Jungenhofen-Kuche-Dachschr-2048x1536.jpg 2048w\" sizes=\"(max-width: 1024px) 100vw, 1024px\" \/><\/a><\/figure>\n\n\n\n<figure class=\"wp-block-image size-large\"><a href=\"https:\/\/roebersdorf.de\/wp-content\/uploads\/2025\/03\/Jungenhofen-Kuche-Wohnz-scaled.jpg\"><img decoding=\"async\" width=\"1024\" height=\"768\" data-id=\"1650\" src=\"https:\/\/roebersdorf.de\/wp-content\/uploads\/2025\/03\/Jungenhofen-Kuche-Wohnz-1024x768.jpg\" alt=\"\" class=\"wp-image-1650\" srcset=\"https:\/\/roebersdorf.de\/wp-content\/uploads\/2025\/03\/Jungenhofen-Kuche-Wohnz-1024x768.jpg 1024w, https:\/\/roebersdorf.de\/wp-content\/uploads\/2025\/03\/Jungenhofen-Kuche-Wohnz-300x225.jpg 300w, https:\/\/roebersdorf.de\/wp-content\/uploads\/2025\/03\/Jungenhofen-Kuche-Wohnz-768x576.jpg 768w, https:\/\/roebersdorf.de\/wp-content\/uploads\/2025\/03\/Jungenhofen-Kuche-Wohnz-1536x1152.jpg 1536w, https:\/\/roebersdorf.de\/wp-content\/uploads\/2025\/03\/Jungenhofen-Kuche-Wohnz-2048x1536.jpg 2048w\" sizes=\"(max-width: 1024px) 100vw, 1024px\" \/><\/a><\/figure>\n\n\n\n<figure class=\"wp-block-image size-large\"><a href=\"https:\/\/roebersdorf.de\/wp-content\/uploads\/2025\/03\/Jungenhofen-Schlafzimmer-Dachschr-scaled.jpg\"><img decoding=\"async\" width=\"1024\" height=\"768\" data-id=\"1652\" src=\"https:\/\/roebersdorf.de\/wp-content\/uploads\/2025\/03\/Jungenhofen-Schlafzimmer-Dachschr-1024x768.jpg\" alt=\"\" class=\"wp-image-1652\" srcset=\"https:\/\/roebersdorf.de\/wp-content\/uploads\/2025\/03\/Jungenhofen-Schlafzimmer-Dachschr-1024x768.jpg 1024w, https:\/\/roebersdorf.de\/wp-content\/uploads\/2025\/03\/Jungenhofen-Schlafzimmer-Dachschr-300x225.jpg 300w, https:\/\/roebersdorf.de\/wp-content\/uploads\/2025\/03\/Jungenhofen-Schlafzimmer-Dachschr-768x576.jpg 768w, https:\/\/roebersdorf.de\/wp-content\/uploads\/2025\/03\/Jungenhofen-Schlafzimmer-Dachschr-1536x1152.jpg 1536w, https:\/\/roebersdorf.de\/wp-content\/uploads\/2025\/03\/Jungenhofen-Schlafzimmer-Dachschr-2048x1536.jpg 2048w\" sizes=\"(max-width: 1024px) 100vw, 1024px\" \/><\/a><\/figure>\n\n\n\n<figure class=\"wp-block-image size-large\"><a href=\"https:\/\/roebersdorf.de\/wp-content\/uploads\/2025\/03\/Jungenhofen-Schlafzimmer-Dachschrage-scaled.jpg\"><img loading=\"lazy\" decoding=\"async\" width=\"1024\" height=\"768\" data-id=\"1653\" src=\"https:\/\/roebersdorf.de\/wp-content\/uploads\/2025\/03\/Jungenhofen-Schlafzimmer-Dachschrage-1024x768.jpg\" alt=\"\" class=\"wp-image-1653\" srcset=\"https:\/\/roebersdorf.de\/wp-content\/uploads\/2025\/03\/Jungenhofen-Schlafzimmer-Dachschrage-1024x768.jpg 1024w, https:\/\/roebersdorf.de\/wp-content\/uploads\/2025\/03\/Jungenhofen-Schlafzimmer-Dachschrage-300x225.jpg 300w, https:\/\/roebersdorf.de\/wp-content\/uploads\/2025\/03\/Jungenhofen-Schlafzimmer-Dachschrage-768x576.jpg 768w, https:\/\/roebersdorf.de\/wp-content\/uploads\/2025\/03\/Jungenhofen-Schlafzimmer-Dachschrage-1536x1152.jpg 1536w, https:\/\/roebersdorf.de\/wp-content\/uploads\/2025\/03\/Jungenhofen-Schlafzimmer-Dachschrage-2048x1536.jpg 2048w\" sizes=\"(max-width: 1024px) 100vw, 1024px\" \/><\/a><\/figure>\n\n\n\n<figure class=\"wp-block-image size-large\"><a href=\"https:\/\/roebersdorf.de\/wp-content\/uploads\/2025\/03\/Jungenhofen-Schlafzimmer-Dachschr-1-Bett-scaled.jpg\"><img loading=\"lazy\" decoding=\"async\" width=\"1024\" height=\"768\" data-id=\"1651\" src=\"https:\/\/roebersdorf.de\/wp-content\/uploads\/2025\/03\/Jungenhofen-Schlafzimmer-Dachschr-1-Bett-1024x768.jpg\" alt=\"\" class=\"wp-image-1651\" srcset=\"https:\/\/roebersdorf.de\/wp-content\/uploads\/2025\/03\/Jungenhofen-Schlafzimmer-Dachschr-1-Bett-1024x768.jpg 1024w, https:\/\/roebersdorf.de\/wp-content\/uploads\/2025\/03\/Jungenhofen-Schlafzimmer-Dachschr-1-Bett-300x225.jpg 300w, https:\/\/roebersdorf.de\/wp-content\/uploads\/2025\/03\/Jungenhofen-Schlafzimmer-Dachschr-1-Bett-768x576.jpg 768w, https:\/\/roebersdorf.de\/wp-content\/uploads\/2025\/03\/Jungenhofen-Schlafzimmer-Dachschr-1-Bett-1536x1152.jpg 1536w, https:\/\/roebersdorf.de\/wp-content\/uploads\/2025\/03\/Jungenhofen-Schlafzimmer-Dachschr-1-Bett-2048x1536.jpg 2048w\" sizes=\"(max-width: 1024px) 100vw, 1024px\" \/><\/a><\/figure>\n\n\n\n<figure class=\"wp-block-image size-large\"><a href=\"https:\/\/roebersdorf.de\/wp-content\/uploads\/2025\/03\/Jungenhofen-Bad-2-scaled.jpg\"><img loading=\"lazy\" decoding=\"async\" width=\"1024\" height=\"768\" data-id=\"1655\" src=\"https:\/\/roebersdorf.de\/wp-content\/uploads\/2025\/03\/Jungenhofen-Bad-2-1024x768.jpg\" alt=\"\" class=\"wp-image-1655\" srcset=\"https:\/\/roebersdorf.de\/wp-content\/uploads\/2025\/03\/Jungenhofen-Bad-2-1024x768.jpg 1024w, https:\/\/roebersdorf.de\/wp-content\/uploads\/2025\/03\/Jungenhofen-Bad-2-300x225.jpg 300w, https:\/\/roebersdorf.de\/wp-content\/uploads\/2025\/03\/Jungenhofen-Bad-2-768x576.jpg 768w, https:\/\/roebersdorf.de\/wp-content\/uploads\/2025\/03\/Jungenhofen-Bad-2-1536x1152.jpg 1536w, https:\/\/roebersdorf.de\/wp-content\/uploads\/2025\/03\/Jungenhofen-Bad-2-2048x1536.jpg 2048w\" sizes=\"(max-width: 1024px) 100vw, 1024px\" \/><\/a><\/figure>\n\n\n\n<figure class=\"wp-block-image size-large\"><a href=\"https:\/\/roebersdorf.de\/wp-content\/uploads\/2025\/03\/Jungenhofen-Bad-scaled.jpg\"><img loading=\"lazy\" decoding=\"async\" width=\"1024\" height=\"768\" data-id=\"1656\" src=\"https:\/\/roebersdorf.de\/wp-content\/uploads\/2025\/03\/Jungenhofen-Bad-1024x768.jpg\" alt=\"\" class=\"wp-image-1656\" srcset=\"https:\/\/roebersdorf.de\/wp-content\/uploads\/2025\/03\/Jungenhofen-Bad-1024x768.jpg 1024w, https:\/\/roebersdorf.de\/wp-content\/uploads\/2025\/03\/Jungenhofen-Bad-300x225.jpg 300w, https:\/\/roebersdorf.de\/wp-content\/uploads\/2025\/03\/Jungenhofen-Bad-768x576.jpg 768w, https:\/\/roebersdorf.de\/wp-content\/uploads\/2025\/03\/Jungenhofen-Bad-1536x1152.jpg 1536w, https:\/\/roebersdorf.de\/wp-content\/uploads\/2025\/03\/Jungenhofen-Bad-2048x1536.jpg 2048w\" sizes=\"(max-width: 1024px) 100vw, 1024px\" \/><\/a><\/figure>\n\n\n\n<figure class=\"wp-block-image size-large\"><a href=\"https:\/\/roebersdorf.de\/wp-content\/uploads\/2025\/03\/Jungenhofen-drausen-scaled.jpg\"><img loading=\"lazy\" decoding=\"async\" width=\"1024\" height=\"768\" data-id=\"1654\" src=\"https:\/\/roebersdorf.de\/wp-content\/uploads\/2025\/03\/Jungenhofen-drausen-1024x768.jpg\" alt=\"\" class=\"wp-image-1654\" srcset=\"https:\/\/roebersdorf.de\/wp-content\/uploads\/2025\/03\/Jungenhofen-drausen-1024x768.jpg 1024w, https:\/\/roebersdorf.de\/wp-content\/uploads\/2025\/03\/Jungenhofen-drausen-300x225.jpg 300w, https:\/\/roebersdorf.de\/wp-content\/uploads\/2025\/03\/Jungenhofen-drausen-768x576.jpg 768w, https:\/\/roebersdorf.de\/wp-content\/uploads\/2025\/03\/Jungenhofen-drausen-1536x1152.jpg 1536w, https:\/\/roebersdorf.de\/wp-content\/uploads\/2025\/03\/Jungenhofen-drausen-2048x1536.jpg 2048w\" sizes=\"(max-width: 1024px) 100vw, 1024px\" \/><\/a><\/figure>\n<\/figure>\n\n\n\n<h2 class=\"wp-block-heading has-text-align-center\">Hier buchen<\/h2>\n\n\n\n<div id=\"apartmentIframe2732213\">\n<script type=\"text\/javascript\" src=\"https:\/\/login.smoobu.com\/js\/Settings\/BookingToolIframe.js\"><\/script>\n<script>BookingToolIframe.initialize({\"url\": \"https:\/\/login.smoobu.com\/en\/booking-tool\/iframe\/1240813\/2732213\", \"baseUrl\": \"https:\/\/login.smoobu.com\", \"target\": \"#apartmentIframe2732213\"})<\/script>\n<\/div>\n\n\n\n<h4 class=\"wp-block-heading has-text-align-center\" id=\"jungenhofen2seeblickbuchen\">Sie haben noch Fragen? Die Wohnung ist zum gew\u00fcnschten Zeitpunkt nicht frei?<\/h4>\n\n\n\n<p class=\"has-text-align-center\">Dann schreiben Sie uns eine <a href=\"apartments@kulto.de\">E-Mail<\/a> oder<br>senden Sie uns eine <a href=\"https:\/\/roebersdorf.de\/#BUCHUNGSANFRAGE\" data-type=\"link\" data-id=\"https:\/\/roebersdorf.de\/#BUCHUNGSANFRAGE\">Buchungsanfrage<\/a> und <br>wir helfen Ihnen beim finden der passenden Wohnung.<\/p>\n","protected":false},"excerpt":{"rendered":"<p>Hier buchen Sie haben noch Fragen? Die Wohnung ist zum gew\u00fcnschten Zeitpunkt nicht frei? Dann schreiben Sie uns eine E-Mail odersenden Sie uns eine Buchungsanfrage und wir helfen Ihnen beim finden der passenden Wohnung.<\/p>\n","protected":false},"author":6,"featured_media":0,"parent":0,"menu_order":0,"comment_status":"closed","ping_status":"closed","template":"","meta":{"footnotes":""},"class_list":["post-1659","page","type-page","status-publish","hentry"],"_links":{"self":[{"href":"https:\/\/roebersdorf.de\/index.php?rest_route=\/wp\/v2\/pages\/1659","targetHints":{"allow":["GET"]}}],"collection":[{"href":"https:\/\/roebersdorf.de\/index.php?rest_route=\/wp\/v2\/pages"}],"about":[{"href":"https:\/\/roebersdorf.de\/index.php?rest_route=\/wp\/v2\/types\/page"}],"author":[{"embeddable":true,"href":"https:\/\/roebersdorf.de\/index.php?rest_route=\/wp\/v2\/users\/6"}],"replies":[{"embeddable":true,"href":"https:\/\/roebersdorf.de\/index.php?rest_route=%2Fwp%2Fv2%2Fcomments&post=1659"}],"version-history":[{"count":8,"href":"https:\/\/roebersdorf.de\/index.php?rest_route=\/wp\/v2\/pages\/1659\/revisions"}],"predecessor-version":[{"id":2066,"href":"https:\/\/roebersdorf.de\/index.php?rest_route=\/wp\/v2\/pages\/1659\/revisions\/2066"}],"wp:attachment":[{"href":"https:\/\/roebersdorf.de\/index.php?rest_route=%2Fwp%2Fv2%2Fmedia&parent=1659"}],"curies":[{"name":"wp","href":"https:\/\/api.w.org\/{rel}","templated":true}]}}