{"id":1619,"date":"2025-03-25T12:39:41","date_gmt":"2025-03-25T11:39:41","guid":{"rendered":"https:\/\/roebersdorf.de\/?page_id=1619"},"modified":"2025-06-16T09:56:38","modified_gmt":"2025-06-16T07:56:38","slug":"robersdorf","status":"publish","type":"page","link":"https:\/\/roebersdorf.de\/?page_id=1619","title":{"rendered":"R\u00f6bersdorf"},"content":{"rendered":"\n<ul class=\"wp-block-list\">\n<li>3 Schlafzimmer<\/li>\n\n\n\n<li>2 Badezimmer<\/li>\n\n\n\n<li>f\u00fcr bis zu 7 Personen<\/li>\n\n\n\n<li>Parkplatz direkt am Haus<\/li>\n\n\n\n<li>Wohnzimmer inklusive Fernseher<\/li>\n\n\n\n<li>Vollausgestattete K\u00fcche inklusive K\u00fchlschrank, Herd, Sp\u00fclmaschine<\/li>\n\n\n\n<li>Einzelbetten buchbar<\/li>\n<\/ul>\n\n\n\n<div class=\"wp-block-buttons is-content-justification-center is-layout-flex wp-container-core-buttons-is-layout-1 wp-block-buttons-is-layout-flex\">\n<div class=\"wp-block-button has-custom-font-size has-medium-font-size\"><a class=\"wp-block-button__link has-background has-text-align-center wp-element-button\" href=\"#roebersdorf-buchen3\" style=\"border-radius:0px;background-color:#ff9200\">Hier buchen<\/a><\/div>\n<\/div>\n\n\n\n<hr class=\"wp-block-separator has-alpha-channel-opacity\"\/>\n\n\n\n<figure class=\"wp-block-gallery has-nested-images columns-2 is-cropped wp-block-gallery-1 is-layout-flex wp-block-gallery-is-layout-flex\">\n<figure class=\"wp-block-image size-large\"><a href=\"https:\/\/roebersdorf.de\/wp-content\/uploads\/2025\/03\/Roebersdorf-Wohnzimmer-scaled.jpg\"><img fetchpriority=\"high\" decoding=\"async\" width=\"1024\" height=\"559\" data-id=\"1608\" src=\"https:\/\/roebersdorf.de\/wp-content\/uploads\/2025\/03\/Roebersdorf-Wohnzimmer-1024x559.jpg\" alt=\"\" class=\"wp-image-1608\" srcset=\"https:\/\/roebersdorf.de\/wp-content\/uploads\/2025\/03\/Roebersdorf-Wohnzimmer-1024x559.jpg 1024w, https:\/\/roebersdorf.de\/wp-content\/uploads\/2025\/03\/Roebersdorf-Wohnzimmer-300x164.jpg 300w, https:\/\/roebersdorf.de\/wp-content\/uploads\/2025\/03\/Roebersdorf-Wohnzimmer-768x419.jpg 768w, https:\/\/roebersdorf.de\/wp-content\/uploads\/2025\/03\/Roebersdorf-Wohnzimmer-1536x838.jpg 1536w, https:\/\/roebersdorf.de\/wp-content\/uploads\/2025\/03\/Roebersdorf-Wohnzimmer-2048x1117.jpg 2048w\" sizes=\"(max-width: 1024px) 100vw, 1024px\" \/><\/a><\/figure>\n\n\n\n<figure class=\"wp-block-image size-large\"><a href=\"https:\/\/roebersdorf.de\/wp-content\/uploads\/2025\/03\/Roebersdorf-Bad.jpg\"><img decoding=\"async\" width=\"1024\" height=\"528\" data-id=\"1610\" src=\"https:\/\/roebersdorf.de\/wp-content\/uploads\/2025\/03\/Roebersdorf-Bad-1024x528.jpg\" alt=\"\" class=\"wp-image-1610\" srcset=\"https:\/\/roebersdorf.de\/wp-content\/uploads\/2025\/03\/Roebersdorf-Bad-1024x528.jpg 1024w, https:\/\/roebersdorf.de\/wp-content\/uploads\/2025\/03\/Roebersdorf-Bad-300x155.jpg 300w, https:\/\/roebersdorf.de\/wp-content\/uploads\/2025\/03\/Roebersdorf-Bad-768x396.jpg 768w, https:\/\/roebersdorf.de\/wp-content\/uploads\/2025\/03\/Roebersdorf-Bad-1536x792.jpg 1536w, https:\/\/roebersdorf.de\/wp-content\/uploads\/2025\/03\/Roebersdorf-Bad-2048x1056.jpg 2048w\" sizes=\"(max-width: 1024px) 100vw, 1024px\" \/><\/a><\/figure>\n\n\n\n<figure class=\"wp-block-image size-large\"><a href=\"https:\/\/roebersdorf.de\/wp-content\/uploads\/2025\/03\/grillplatz-1-scaled.jpg\"><img decoding=\"async\" width=\"1024\" height=\"768\" data-id=\"1611\" src=\"https:\/\/roebersdorf.de\/wp-content\/uploads\/2025\/03\/grillplatz-1-1024x768.jpg\" alt=\"\" class=\"wp-image-1611\" srcset=\"https:\/\/roebersdorf.de\/wp-content\/uploads\/2025\/03\/grillplatz-1-1024x768.jpg 1024w, https:\/\/roebersdorf.de\/wp-content\/uploads\/2025\/03\/grillplatz-1-300x225.jpg 300w, https:\/\/roebersdorf.de\/wp-content\/uploads\/2025\/03\/grillplatz-1-768x576.jpg 768w, https:\/\/roebersdorf.de\/wp-content\/uploads\/2025\/03\/grillplatz-1-1536x1152.jpg 1536w, https:\/\/roebersdorf.de\/wp-content\/uploads\/2025\/03\/grillplatz-1-2048x1536.jpg 2048w\" sizes=\"(max-width: 1024px) 100vw, 1024px\" \/><\/a><\/figure>\n\n\n\n<figure class=\"wp-block-image size-large\"><a href=\"https:\/\/roebersdorf.de\/wp-content\/uploads\/2025\/03\/Roebersdorf-aussen-scaled.jpg\"><img loading=\"lazy\" decoding=\"async\" width=\"1024\" height=\"644\" data-id=\"1606\" src=\"https:\/\/roebersdorf.de\/wp-content\/uploads\/2025\/03\/Roebersdorf-aussen-1024x644.jpg\" alt=\"\" class=\"wp-image-1606\" srcset=\"https:\/\/roebersdorf.de\/wp-content\/uploads\/2025\/03\/Roebersdorf-aussen-1024x644.jpg 1024w, https:\/\/roebersdorf.de\/wp-content\/uploads\/2025\/03\/Roebersdorf-aussen-300x189.jpg 300w, https:\/\/roebersdorf.de\/wp-content\/uploads\/2025\/03\/Roebersdorf-aussen-768x483.jpg 768w, https:\/\/roebersdorf.de\/wp-content\/uploads\/2025\/03\/Roebersdorf-aussen-1536x966.jpg 1536w, https:\/\/roebersdorf.de\/wp-content\/uploads\/2025\/03\/Roebersdorf-aussen-2048x1288.jpg 2048w\" sizes=\"(max-width: 1024px) 100vw, 1024px\" \/><\/a><\/figure>\n\n\n\n<figure class=\"wp-block-image size-large\"><a href=\"https:\/\/roebersdorf.de\/wp-content\/uploads\/2025\/04\/studio-ubersicht.png\"><img loading=\"lazy\" decoding=\"async\" width=\"814\" height=\"560\" data-id=\"1783\" src=\"https:\/\/roebersdorf.de\/wp-content\/uploads\/2025\/04\/studio-ubersicht.png\" alt=\"\" class=\"wp-image-1783\" srcset=\"https:\/\/roebersdorf.de\/wp-content\/uploads\/2025\/04\/studio-ubersicht.png 814w, https:\/\/roebersdorf.de\/wp-content\/uploads\/2025\/04\/studio-ubersicht-300x206.png 300w, https:\/\/roebersdorf.de\/wp-content\/uploads\/2025\/04\/studio-ubersicht-768x528.png 768w\" sizes=\"(max-width: 814px) 100vw, 814px\" \/><\/a><\/figure>\n\n\n\n<figure class=\"wp-block-image size-large\"><a href=\"https:\/\/roebersdorf.de\/wp-content\/uploads\/2025\/04\/schlaf-1b.png\"><img loading=\"lazy\" decoding=\"async\" width=\"1024\" height=\"696\" data-id=\"1789\" src=\"https:\/\/roebersdorf.de\/wp-content\/uploads\/2025\/04\/schlaf-1b-1024x696.png\" alt=\"\" class=\"wp-image-1789\" srcset=\"https:\/\/roebersdorf.de\/wp-content\/uploads\/2025\/04\/schlaf-1b-1024x696.png 1024w, https:\/\/roebersdorf.de\/wp-content\/uploads\/2025\/04\/schlaf-1b-300x204.png 300w, https:\/\/roebersdorf.de\/wp-content\/uploads\/2025\/04\/schlaf-1b-768x522.png 768w, https:\/\/roebersdorf.de\/wp-content\/uploads\/2025\/04\/schlaf-1b-1536x1044.png 1536w, https:\/\/roebersdorf.de\/wp-content\/uploads\/2025\/04\/schlaf-1b.png 1554w\" sizes=\"(max-width: 1024px) 100vw, 1024px\" \/><\/a><\/figure>\n\n\n\n<figure class=\"wp-block-image size-large\"><a href=\"https:\/\/roebersdorf.de\/wp-content\/uploads\/2025\/04\/sauna-offen.png\"><img loading=\"lazy\" decoding=\"async\" width=\"1024\" height=\"696\" data-id=\"1787\" src=\"https:\/\/roebersdorf.de\/wp-content\/uploads\/2025\/04\/sauna-offen-1024x696.png\" alt=\"\" class=\"wp-image-1787\" srcset=\"https:\/\/roebersdorf.de\/wp-content\/uploads\/2025\/04\/sauna-offen-1024x696.png 1024w, https:\/\/roebersdorf.de\/wp-content\/uploads\/2025\/04\/sauna-offen-300x204.png 300w, https:\/\/roebersdorf.de\/wp-content\/uploads\/2025\/04\/sauna-offen-768x522.png 768w, https:\/\/roebersdorf.de\/wp-content\/uploads\/2025\/04\/sauna-offen-1536x1044.png 1536w, https:\/\/roebersdorf.de\/wp-content\/uploads\/2025\/04\/sauna-offen.png 1554w\" sizes=\"(max-width: 1024px) 100vw, 1024px\" \/><\/a><\/figure>\n\n\n\n<figure class=\"wp-block-image size-large\"><a href=\"https:\/\/roebersdorf.de\/wp-content\/uploads\/2025\/04\/regal.png\"><img loading=\"lazy\" decoding=\"async\" width=\"1024\" height=\"696\" data-id=\"1786\" src=\"https:\/\/roebersdorf.de\/wp-content\/uploads\/2025\/04\/regal-1024x696.png\" alt=\"\" class=\"wp-image-1786\" srcset=\"https:\/\/roebersdorf.de\/wp-content\/uploads\/2025\/04\/regal-1024x696.png 1024w, https:\/\/roebersdorf.de\/wp-content\/uploads\/2025\/04\/regal-300x204.png 300w, https:\/\/roebersdorf.de\/wp-content\/uploads\/2025\/04\/regal-768x522.png 768w, https:\/\/roebersdorf.de\/wp-content\/uploads\/2025\/04\/regal-1536x1044.png 1536w, https:\/\/roebersdorf.de\/wp-content\/uploads\/2025\/04\/regal.png 1554w\" sizes=\"(max-width: 1024px) 100vw, 1024px\" \/><\/a><\/figure>\n\n\n\n<figure class=\"wp-block-image size-large\"><a href=\"https:\/\/roebersdorf.de\/wp-content\/uploads\/2025\/04\/kuche-neu1.png\"><img loading=\"lazy\" decoding=\"async\" width=\"1024\" height=\"696\" data-id=\"1785\" src=\"https:\/\/roebersdorf.de\/wp-content\/uploads\/2025\/04\/kuche-neu1-1024x696.png\" alt=\"\" class=\"wp-image-1785\" srcset=\"https:\/\/roebersdorf.de\/wp-content\/uploads\/2025\/04\/kuche-neu1-1024x696.png 1024w, https:\/\/roebersdorf.de\/wp-content\/uploads\/2025\/04\/kuche-neu1-300x204.png 300w, https:\/\/roebersdorf.de\/wp-content\/uploads\/2025\/04\/kuche-neu1-768x522.png 768w, https:\/\/roebersdorf.de\/wp-content\/uploads\/2025\/04\/kuche-neu1-1536x1044.png 1536w, https:\/\/roebersdorf.de\/wp-content\/uploads\/2025\/04\/kuche-neu1.png 1554w\" sizes=\"(max-width: 1024px) 100vw, 1024px\" \/><\/a><\/figure>\n\n\n\n<figure class=\"wp-block-image size-large\"><a href=\"https:\/\/roebersdorf.de\/wp-content\/uploads\/2025\/04\/schlafzimmer-1.png\"><img loading=\"lazy\" decoding=\"async\" width=\"1024\" height=\"696\" data-id=\"1790\" src=\"https:\/\/roebersdorf.de\/wp-content\/uploads\/2025\/04\/schlafzimmer-1-1024x696.png\" alt=\"\" class=\"wp-image-1790\" srcset=\"https:\/\/roebersdorf.de\/wp-content\/uploads\/2025\/04\/schlafzimmer-1-1024x696.png 1024w, https:\/\/roebersdorf.de\/wp-content\/uploads\/2025\/04\/schlafzimmer-1-300x204.png 300w, https:\/\/roebersdorf.de\/wp-content\/uploads\/2025\/04\/schlafzimmer-1-768x522.png 768w, https:\/\/roebersdorf.de\/wp-content\/uploads\/2025\/04\/schlafzimmer-1-1536x1044.png 1536w, https:\/\/roebersdorf.de\/wp-content\/uploads\/2025\/04\/schlafzimmer-1.png 1554w\" sizes=\"(max-width: 1024px) 100vw, 1024px\" \/><\/a><\/figure>\n\n\n\n<figure class=\"wp-block-image size-large\"><a href=\"https:\/\/roebersdorf.de\/wp-content\/uploads\/2025\/04\/schlafzimmer-2-coach.png\"><img loading=\"lazy\" decoding=\"async\" width=\"1024\" height=\"696\" data-id=\"1791\" src=\"https:\/\/roebersdorf.de\/wp-content\/uploads\/2025\/04\/schlafzimmer-2-coach-1024x696.png\" alt=\"\" class=\"wp-image-1791\" srcset=\"https:\/\/roebersdorf.de\/wp-content\/uploads\/2025\/04\/schlafzimmer-2-coach-1024x696.png 1024w, https:\/\/roebersdorf.de\/wp-content\/uploads\/2025\/04\/schlafzimmer-2-coach-300x204.png 300w, https:\/\/roebersdorf.de\/wp-content\/uploads\/2025\/04\/schlafzimmer-2-coach-768x522.png 768w, https:\/\/roebersdorf.de\/wp-content\/uploads\/2025\/04\/schlafzimmer-2-coach-1536x1044.png 1536w, https:\/\/roebersdorf.de\/wp-content\/uploads\/2025\/04\/schlafzimmer-2-coach.png 1554w\" sizes=\"(max-width: 1024px) 100vw, 1024px\" \/><\/a><\/figure>\n\n\n\n<figure class=\"wp-block-image size-large\"><a href=\"https:\/\/roebersdorf.de\/wp-content\/uploads\/2025\/04\/schlafzimmer-3a.png\"><img loading=\"lazy\" decoding=\"async\" width=\"1024\" height=\"696\" data-id=\"1793\" src=\"https:\/\/roebersdorf.de\/wp-content\/uploads\/2025\/04\/schlafzimmer-3a-1024x696.png\" alt=\"\" class=\"wp-image-1793\" srcset=\"https:\/\/roebersdorf.de\/wp-content\/uploads\/2025\/04\/schlafzimmer-3a-1024x696.png 1024w, https:\/\/roebersdorf.de\/wp-content\/uploads\/2025\/04\/schlafzimmer-3a-300x204.png 300w, https:\/\/roebersdorf.de\/wp-content\/uploads\/2025\/04\/schlafzimmer-3a-768x522.png 768w, https:\/\/roebersdorf.de\/wp-content\/uploads\/2025\/04\/schlafzimmer-3a-1536x1044.png 1536w, https:\/\/roebersdorf.de\/wp-content\/uploads\/2025\/04\/schlafzimmer-3a.png 1554w\" sizes=\"(max-width: 1024px) 100vw, 1024px\" \/><\/a><\/figure>\n\n\n\n<figure class=\"wp-block-image size-large\"><a href=\"https:\/\/roebersdorf.de\/wp-content\/uploads\/2025\/04\/schlafzimmer-coach3.png\"><img loading=\"lazy\" decoding=\"async\" width=\"1024\" height=\"696\" data-id=\"1794\" src=\"https:\/\/roebersdorf.de\/wp-content\/uploads\/2025\/04\/schlafzimmer-coach3-1024x696.png\" alt=\"\" class=\"wp-image-1794\" srcset=\"https:\/\/roebersdorf.de\/wp-content\/uploads\/2025\/04\/schlafzimmer-coach3-1024x696.png 1024w, https:\/\/roebersdorf.de\/wp-content\/uploads\/2025\/04\/schlafzimmer-coach3-300x204.png 300w, https:\/\/roebersdorf.de\/wp-content\/uploads\/2025\/04\/schlafzimmer-coach3-768x522.png 768w, https:\/\/roebersdorf.de\/wp-content\/uploads\/2025\/04\/schlafzimmer-coach3-1536x1044.png 1536w, https:\/\/roebersdorf.de\/wp-content\/uploads\/2025\/04\/schlafzimmer-coach3.png 1554w\" sizes=\"(max-width: 1024px) 100vw, 1024px\" \/><\/a><\/figure>\n\n\n\n<figure class=\"wp-block-image size-large\"><a href=\"https:\/\/roebersdorf.de\/wp-content\/uploads\/2025\/04\/bad-bank.png\"><img loading=\"lazy\" decoding=\"async\" width=\"1024\" height=\"696\" data-id=\"1799\" src=\"https:\/\/roebersdorf.de\/wp-content\/uploads\/2025\/04\/bad-bank-1024x696.png\" alt=\"\" class=\"wp-image-1799\" srcset=\"https:\/\/roebersdorf.de\/wp-content\/uploads\/2025\/04\/bad-bank-1024x696.png 1024w, https:\/\/roebersdorf.de\/wp-content\/uploads\/2025\/04\/bad-bank-300x204.png 300w, https:\/\/roebersdorf.de\/wp-content\/uploads\/2025\/04\/bad-bank-768x522.png 768w, https:\/\/roebersdorf.de\/wp-content\/uploads\/2025\/04\/bad-bank-1536x1044.png 1536w, https:\/\/roebersdorf.de\/wp-content\/uploads\/2025\/04\/bad-bank.png 1542w\" sizes=\"(max-width: 1024px) 100vw, 1024px\" \/><\/a><\/figure>\n\n\n\n<figure class=\"wp-block-image size-large\"><a href=\"https:\/\/roebersdorf.de\/wp-content\/uploads\/2025\/04\/bad-2-dusche.png\"><img loading=\"lazy\" decoding=\"async\" width=\"631\" height=\"1024\" data-id=\"1798\" src=\"https:\/\/roebersdorf.de\/wp-content\/uploads\/2025\/04\/bad-2-dusche-631x1024.png\" alt=\"\" class=\"wp-image-1798\" srcset=\"https:\/\/roebersdorf.de\/wp-content\/uploads\/2025\/04\/bad-2-dusche-631x1024.png 631w, https:\/\/roebersdorf.de\/wp-content\/uploads\/2025\/04\/bad-2-dusche-185x300.png 185w, https:\/\/roebersdorf.de\/wp-content\/uploads\/2025\/04\/bad-2-dusche.png 650w\" sizes=\"(max-width: 631px) 100vw, 631px\" \/><\/a><\/figure>\n\n\n\n<figure class=\"wp-block-image size-large\"><a href=\"https:\/\/roebersdorf.de\/wp-content\/uploads\/2025\/04\/studio-tv.png\"><img loading=\"lazy\" decoding=\"async\" width=\"1024\" height=\"696\" data-id=\"1797\" src=\"https:\/\/roebersdorf.de\/wp-content\/uploads\/2025\/04\/studio-tv-1024x696.png\" alt=\"\" class=\"wp-image-1797\" srcset=\"https:\/\/roebersdorf.de\/wp-content\/uploads\/2025\/04\/studio-tv-1024x696.png 1024w, https:\/\/roebersdorf.de\/wp-content\/uploads\/2025\/04\/studio-tv-300x204.png 300w, https:\/\/roebersdorf.de\/wp-content\/uploads\/2025\/04\/studio-tv-768x522.png 768w, https:\/\/roebersdorf.de\/wp-content\/uploads\/2025\/04\/studio-tv-1536x1044.png 1536w, https:\/\/roebersdorf.de\/wp-content\/uploads\/2025\/04\/studio-tv.png 1554w\" sizes=\"(max-width: 1024px) 100vw, 1024px\" \/><\/a><\/figure>\n\n\n\n<figure class=\"wp-block-image size-large\"><a href=\"https:\/\/roebersdorf.de\/wp-content\/uploads\/2025\/04\/studio-tisch.png\"><img loading=\"lazy\" decoding=\"async\" width=\"1024\" height=\"696\" data-id=\"1796\" src=\"https:\/\/roebersdorf.de\/wp-content\/uploads\/2025\/04\/studio-tisch-1024x696.png\" alt=\"\" class=\"wp-image-1796\" srcset=\"https:\/\/roebersdorf.de\/wp-content\/uploads\/2025\/04\/studio-tisch-1024x696.png 1024w, https:\/\/roebersdorf.de\/wp-content\/uploads\/2025\/04\/studio-tisch-300x204.png 300w, https:\/\/roebersdorf.de\/wp-content\/uploads\/2025\/04\/studio-tisch-768x522.png 768w, https:\/\/roebersdorf.de\/wp-content\/uploads\/2025\/04\/studio-tisch-1536x1044.png 1536w, https:\/\/roebersdorf.de\/wp-content\/uploads\/2025\/04\/studio-tisch.png 1554w\" sizes=\"(max-width: 1024px) 100vw, 1024px\" \/><\/a><\/figure>\n\n\n\n<figure class=\"wp-block-image size-large\"><a href=\"https:\/\/roebersdorf.de\/wp-content\/uploads\/2025\/04\/studio-coach.png\"><img loading=\"lazy\" decoding=\"async\" width=\"1024\" height=\"696\" data-id=\"1795\" src=\"https:\/\/roebersdorf.de\/wp-content\/uploads\/2025\/04\/studio-coach-1024x696.png\" alt=\"\" class=\"wp-image-1795\" srcset=\"https:\/\/roebersdorf.de\/wp-content\/uploads\/2025\/04\/studio-coach-1024x696.png 1024w, https:\/\/roebersdorf.de\/wp-content\/uploads\/2025\/04\/studio-coach-300x204.png 300w, https:\/\/roebersdorf.de\/wp-content\/uploads\/2025\/04\/studio-coach-768x522.png 768w, https:\/\/roebersdorf.de\/wp-content\/uploads\/2025\/04\/studio-coach-1536x1044.png 1536w, https:\/\/roebersdorf.de\/wp-content\/uploads\/2025\/04\/studio-coach.png 1554w\" sizes=\"(max-width: 1024px) 100vw, 1024px\" \/><\/a><\/figure>\n\n\n\n<figure class=\"wp-block-image size-large\"><a href=\"https:\/\/roebersdorf.de\/wp-content\/uploads\/2025\/04\/bad-dusche-bd.png\"><img loading=\"lazy\" decoding=\"async\" width=\"1024\" height=\"696\" data-id=\"1800\" src=\"https:\/\/roebersdorf.de\/wp-content\/uploads\/2025\/04\/bad-dusche-bd-1024x696.png\" alt=\"\" class=\"wp-image-1800\" srcset=\"https:\/\/roebersdorf.de\/wp-content\/uploads\/2025\/04\/bad-dusche-bd-1024x696.png 1024w, https:\/\/roebersdorf.de\/wp-content\/uploads\/2025\/04\/bad-dusche-bd-300x204.png 300w, https:\/\/roebersdorf.de\/wp-content\/uploads\/2025\/04\/bad-dusche-bd-768x522.png 768w, https:\/\/roebersdorf.de\/wp-content\/uploads\/2025\/04\/bad-dusche-bd-1536x1044.png 1536w, https:\/\/roebersdorf.de\/wp-content\/uploads\/2025\/04\/bad-dusche-bd.png 1542w\" sizes=\"(max-width: 1024px) 100vw, 1024px\" \/><\/a><\/figure>\n\n\n\n<figure class=\"wp-block-image size-large\"><a href=\"https:\/\/roebersdorf.de\/wp-content\/uploads\/2025\/04\/eingang.png\"><img loading=\"lazy\" decoding=\"async\" width=\"1024\" height=\"696\" data-id=\"1803\" src=\"https:\/\/roebersdorf.de\/wp-content\/uploads\/2025\/04\/eingang-1024x696.png\" alt=\"\" class=\"wp-image-1803\" srcset=\"https:\/\/roebersdorf.de\/wp-content\/uploads\/2025\/04\/eingang-1024x696.png 1024w, https:\/\/roebersdorf.de\/wp-content\/uploads\/2025\/04\/eingang-300x204.png 300w, https:\/\/roebersdorf.de\/wp-content\/uploads\/2025\/04\/eingang-768x522.png 768w, https:\/\/roebersdorf.de\/wp-content\/uploads\/2025\/04\/eingang-1536x1044.png 1536w, https:\/\/roebersdorf.de\/wp-content\/uploads\/2025\/04\/eingang.png 1542w\" sizes=\"(max-width: 1024px) 100vw, 1024px\" \/><\/a><\/figure>\n\n\n\n<figure class=\"wp-block-image size-large\"><a href=\"https:\/\/roebersdorf.de\/wp-content\/uploads\/2025\/04\/eingang2.png\"><img loading=\"lazy\" decoding=\"async\" width=\"1024\" height=\"696\" data-id=\"1804\" src=\"https:\/\/roebersdorf.de\/wp-content\/uploads\/2025\/04\/eingang2-1024x696.png\" alt=\"\" class=\"wp-image-1804\" srcset=\"https:\/\/roebersdorf.de\/wp-content\/uploads\/2025\/04\/eingang2-1024x696.png 1024w, https:\/\/roebersdorf.de\/wp-content\/uploads\/2025\/04\/eingang2-300x204.png 300w, https:\/\/roebersdorf.de\/wp-content\/uploads\/2025\/04\/eingang2-768x522.png 768w, https:\/\/roebersdorf.de\/wp-content\/uploads\/2025\/04\/eingang2-1536x1044.png 1536w, https:\/\/roebersdorf.de\/wp-content\/uploads\/2025\/04\/eingang2.png 1542w\" sizes=\"(max-width: 1024px) 100vw, 1024px\" \/><\/a><\/figure>\n\n\n\n<figure class=\"wp-block-image size-large\"><a href=\"https:\/\/roebersdorf.de\/wp-content\/uploads\/2025\/04\/fitness.png\"><img loading=\"lazy\" decoding=\"async\" width=\"1024\" height=\"696\" data-id=\"1805\" src=\"https:\/\/roebersdorf.de\/wp-content\/uploads\/2025\/04\/fitness-1024x696.png\" alt=\"\" class=\"wp-image-1805\" srcset=\"https:\/\/roebersdorf.de\/wp-content\/uploads\/2025\/04\/fitness-1024x696.png 1024w, https:\/\/roebersdorf.de\/wp-content\/uploads\/2025\/04\/fitness-300x204.png 300w, https:\/\/roebersdorf.de\/wp-content\/uploads\/2025\/04\/fitness-768x522.png 768w, https:\/\/roebersdorf.de\/wp-content\/uploads\/2025\/04\/fitness-1536x1044.png 1536w, https:\/\/roebersdorf.de\/wp-content\/uploads\/2025\/04\/fitness.png 1554w\" sizes=\"(max-width: 1024px) 100vw, 1024px\" \/><\/a><\/figure>\n\n\n\n<figure class=\"wp-block-image size-large\"><a href=\"https:\/\/roebersdorf.de\/wp-content\/uploads\/2025\/04\/flur-mit-buffet.png\"><img loading=\"lazy\" decoding=\"async\" width=\"1024\" height=\"696\" data-id=\"1806\" src=\"https:\/\/roebersdorf.de\/wp-content\/uploads\/2025\/04\/flur-mit-buffet-1024x696.png\" alt=\"\" class=\"wp-image-1806\" srcset=\"https:\/\/roebersdorf.de\/wp-content\/uploads\/2025\/04\/flur-mit-buffet-1024x696.png 1024w, https:\/\/roebersdorf.de\/wp-content\/uploads\/2025\/04\/flur-mit-buffet-300x204.png 300w, https:\/\/roebersdorf.de\/wp-content\/uploads\/2025\/04\/flur-mit-buffet-768x522.png 768w, https:\/\/roebersdorf.de\/wp-content\/uploads\/2025\/04\/flur-mit-buffet-1536x1044.png 1536w, https:\/\/roebersdorf.de\/wp-content\/uploads\/2025\/04\/flur-mit-buffet.png 1542w\" sizes=\"(max-width: 1024px) 100vw, 1024px\" \/><\/a><\/figure>\n\n\n\n<figure class=\"wp-block-image size-large\"><a href=\"https:\/\/roebersdorf.de\/wp-content\/uploads\/2025\/04\/flur-treppe.png\"><img loading=\"lazy\" decoding=\"async\" width=\"1024\" height=\"696\" data-id=\"1807\" src=\"https:\/\/roebersdorf.de\/wp-content\/uploads\/2025\/04\/flur-treppe-1024x696.png\" alt=\"\" class=\"wp-image-1807\" srcset=\"https:\/\/roebersdorf.de\/wp-content\/uploads\/2025\/04\/flur-treppe-1024x696.png 1024w, https:\/\/roebersdorf.de\/wp-content\/uploads\/2025\/04\/flur-treppe-300x204.png 300w, https:\/\/roebersdorf.de\/wp-content\/uploads\/2025\/04\/flur-treppe-768x522.png 768w, https:\/\/roebersdorf.de\/wp-content\/uploads\/2025\/04\/flur-treppe-1536x1044.png 1536w, https:\/\/roebersdorf.de\/wp-content\/uploads\/2025\/04\/flur-treppe.png 1542w\" sizes=\"(max-width: 1024px) 100vw, 1024px\" \/><\/a><\/figure>\n\n\n\n<figure class=\"wp-block-image size-large\"><a href=\"https:\/\/roebersdorf.de\/wp-content\/uploads\/2025\/04\/grillplatz.png\"><img loading=\"lazy\" decoding=\"async\" width=\"1024\" height=\"696\" data-id=\"1808\" src=\"https:\/\/roebersdorf.de\/wp-content\/uploads\/2025\/04\/grillplatz-1024x696.png\" alt=\"\" class=\"wp-image-1808\" srcset=\"https:\/\/roebersdorf.de\/wp-content\/uploads\/2025\/04\/grillplatz-1024x696.png 1024w, https:\/\/roebersdorf.de\/wp-content\/uploads\/2025\/04\/grillplatz-300x204.png 300w, https:\/\/roebersdorf.de\/wp-content\/uploads\/2025\/04\/grillplatz-768x522.png 768w, https:\/\/roebersdorf.de\/wp-content\/uploads\/2025\/04\/grillplatz-1536x1044.png 1536w, https:\/\/roebersdorf.de\/wp-content\/uploads\/2025\/04\/grillplatz.png 1542w\" sizes=\"(max-width: 1024px) 100vw, 1024px\" \/><\/a><\/figure>\n\n\n\n<figure class=\"wp-block-image size-large\"><a href=\"https:\/\/roebersdorf.de\/wp-content\/uploads\/2025\/04\/kuche-neu-scaled.jpg\"><img loading=\"lazy\" decoding=\"async\" width=\"1024\" height=\"768\" data-id=\"1809\" src=\"https:\/\/roebersdorf.de\/wp-content\/uploads\/2025\/04\/kuche-neu-1024x768.jpg\" alt=\"\" class=\"wp-image-1809\" srcset=\"https:\/\/roebersdorf.de\/wp-content\/uploads\/2025\/04\/kuche-neu-1024x768.jpg 1024w, https:\/\/roebersdorf.de\/wp-content\/uploads\/2025\/04\/kuche-neu-300x225.jpg 300w, https:\/\/roebersdorf.de\/wp-content\/uploads\/2025\/04\/kuche-neu-768x576.jpg 768w, https:\/\/roebersdorf.de\/wp-content\/uploads\/2025\/04\/kuche-neu-1536x1152.jpg 1536w, https:\/\/roebersdorf.de\/wp-content\/uploads\/2025\/04\/kuche-neu-2048x1536.jpg 2048w\" sizes=\"(max-width: 1024px) 100vw, 1024px\" \/><\/a><\/figure>\n\n\n\n<figure class=\"wp-block-image size-large\"><a href=\"https:\/\/roebersdorf.de\/wp-content\/uploads\/2025\/03\/Grundriss-Skizze-Roebersdorf.jpg\"><img loading=\"lazy\" decoding=\"async\" width=\"669\" height=\"808\" data-id=\"1613\" src=\"https:\/\/roebersdorf.de\/wp-content\/uploads\/2025\/03\/Grundriss-Skizze-Roebersdorf.jpg\" alt=\"\" class=\"wp-image-1613\" srcset=\"https:\/\/roebersdorf.de\/wp-content\/uploads\/2025\/03\/Grundriss-Skizze-Roebersdorf.jpg 669w, https:\/\/roebersdorf.de\/wp-content\/uploads\/2025\/03\/Grundriss-Skizze-Roebersdorf-248x300.jpg 248w\" sizes=\"(max-width: 669px) 100vw, 669px\" \/><\/a><\/figure>\n<\/figure>\n\n\n\n<h2 class=\"wp-block-heading has-text-align-center\" id=\"roebersdorf-buchen3\">Hier buchen<\/h2>\n\n\n\n\n<div id=\"apartmentIframe2732193\">\n<script type=\"text\/javascript\" src=\"https:\/\/login.smoobu.com\/js\/Settings\/BookingToolIframe.js\"><\/script>\n<script>BookingToolIframe.initialize({\"url\": \"https:\/\/login.smoobu.com\/de\/booking-tool\/iframe\/1240813\/2732193\", \"baseUrl\": \"https:\/\/login.smoobu.com\", \"target\": \"#apartmentIframe2732193\"})<\/script>\n<\/div>\n\n\n\n\n<h4 class=\"wp-block-heading has-text-align-center\">Sie haben noch Fragen? Die Wohnung ist zum gew\u00fcnschten Zeitpunkt nicht frei?<\/h4>\n\n\n\n<p class=\"has-text-align-center\">Dann schreiben Sie uns eine <a href=\"apartments@kulto.de\">E-Mail<\/a> oder<br>senden Sie uns eine <a href=\"https:\/\/roebersdorf.de\/#BUCHUNGSANFRAGE\" data-type=\"link\" data-id=\"https:\/\/roebersdorf.de\/#BUCHUNGSANFRAGE\">Buchungsanfrage<\/a> und <br>wir helfen Ihnen beim finden der passenden Wohnung.<\/p>\n\n\n\n<p><\/p>\n\n\n\n<p><\/p>\n","protected":false},"excerpt":{"rendered":"<p>Hier buchen Sie haben noch Fragen? Die Wohnung ist zum gew\u00fcnschten Zeitpunkt nicht frei? Dann schreiben Sie uns eine E-Mail odersenden Sie uns eine Buchungsanfrage und wir helfen Ihnen beim finden der passenden Wohnung.<\/p>\n","protected":false},"author":6,"featured_media":0,"parent":0,"menu_order":0,"comment_status":"closed","ping_status":"closed","template":"","meta":{"footnotes":""},"class_list":["post-1619","page","type-page","status-publish","hentry"],"_links":{"self":[{"href":"https:\/\/roebersdorf.de\/index.php?rest_route=\/wp\/v2\/pages\/1619","targetHints":{"allow":["GET"]}}],"collection":[{"href":"https:\/\/roebersdorf.de\/index.php?rest_route=\/wp\/v2\/pages"}],"about":[{"href":"https:\/\/roebersdorf.de\/index.php?rest_route=\/wp\/v2\/types\/page"}],"author":[{"embeddable":true,"href":"https:\/\/roebersdorf.de\/index.php?rest_route=\/wp\/v2\/users\/6"}],"replies":[{"embeddable":true,"href":"https:\/\/roebersdorf.de\/index.php?rest_route=%2Fwp%2Fv2%2Fcomments&post=1619"}],"version-history":[{"count":27,"href":"https:\/\/roebersdorf.de\/index.php?rest_route=\/wp\/v2\/pages\/1619\/revisions"}],"predecessor-version":[{"id":2045,"href":"https:\/\/roebersdorf.de\/index.php?rest_route=\/wp\/v2\/pages\/1619\/revisions\/2045"}],"wp:attachment":[{"href":"https:\/\/roebersdorf.de\/index.php?rest_route=%2Fwp%2Fv2%2Fmedia&parent=1619"}],"curies":[{"name":"wp","href":"https:\/\/api.w.org\/{rel}","templated":true}]}}